{"id":174,"date":"2025-05-13T18:16:39","date_gmt":"2025-05-13T18:16:39","guid":{"rendered":"https:\/\/programmieren.nick-gatzke.de\/?page_id=174"},"modified":"2025-05-15T13:57:15","modified_gmt":"2025-05-15T13:57:15","slug":"stahlbruecke-kehl-rheinbruecke","status":"publish","type":"page","link":"https:\/\/www.ferngal-schweisstechnik.de\/index.php\/de\/stahlbruecke-kehl-rheinbruecke\/","title":{"rendered":"Stahlbr\u00fccke Kehl (Rheinbr\u00fccke)"},"content":{"rendered":"\n<h2 class=\"wp-block-heading\">Stahlbr\u00fccke Kehl (Rheinbr\u00fccke)<\/h2>\n\n\n\n<div class=\"wp-block-media-text is-stacked-on-mobile\"><figure class=\"wp-block-media-text__media\"><img loading=\"lazy\" decoding=\"async\" width=\"350\" height=\"250\" src=\"https:\/\/ferngal-schweisstechnik.de\/wp-content\/uploads\/2025\/05\/IMG_4165.jpeg\" alt=\"\" class=\"wp-image-320 size-full\" srcset=\"https:\/\/www.ferngal-schweisstechnik.de\/wp-content\/uploads\/2025\/05\/IMG_4165.jpeg 350w, https:\/\/www.ferngal-schweisstechnik.de\/wp-content\/uploads\/2025\/05\/IMG_4165-300x214.jpeg 300w\" sizes=\"auto, (max-width: 350px) 100vw, 350px\" \/><\/figure><div class=\"wp-block-media-text__content\">\n<figure class=\"wp-block-table\"><table class=\"has-fixed-layout\"><tbody><tr><td><strong>Baustelle:<\/strong><\/td><td>Stahlbr\u00fccke Kehl (Rheinbr\u00fccke)<\/td><\/tr><tr><td><strong>Zeitraum:<\/strong><\/td><td>06\/09 &#8211; 10\/10<\/td><\/tr><tr><td><strong>Arbeiten:<\/strong><\/td><td>Schlosser- und Schwei\u00dfarbeiten<\/td><\/tr><tr><td><strong>Werkstoffe:<\/strong><\/td><td>S355<\/td><\/tr><tr><td><strong>Personal:<\/strong><\/td><td>durchschnittlich 50 Mann<\/td><\/tr><\/tbody><\/table><\/figure>\n\n\n\n<p><\/p>\n<\/div><\/div>\n","protected":false},"excerpt":{"rendered":"<p>Stahlbr\u00fccke Kehl (Rheinbr\u00fccke) Baustelle: Stahlbr\u00fccke Kehl (Rheinbr\u00fccke) Zeitraum: 06\/09 &#8211; 10\/10 Arbeiten: Schlosser- und Schwei\u00dfarbeiten Werkstoffe: S355 Personal: durchschnittlich 50 Mann<\/p>\n","protected":false},"author":1,"featured_media":0,"parent":0,"menu_order":0,"comment_status":"closed","ping_status":"closed","template":"","meta":{"footnotes":""},"class_list":["post-174","page","type-page","status-publish","hentry"],"_links":{"self":[{"href":"https:\/\/www.ferngal-schweisstechnik.de\/index.php\/wp-json\/wp\/v2\/pages\/174","targetHints":{"allow":["GET"]}}],"collection":[{"href":"https:\/\/www.ferngal-schweisstechnik.de\/index.php\/wp-json\/wp\/v2\/pages"}],"about":[{"href":"https:\/\/www.ferngal-schweisstechnik.de\/index.php\/wp-json\/wp\/v2\/types\/page"}],"author":[{"embeddable":true,"href":"https:\/\/www.ferngal-schweisstechnik.de\/index.php\/wp-json\/wp\/v2\/users\/1"}],"replies":[{"embeddable":true,"href":"https:\/\/www.ferngal-schweisstechnik.de\/index.php\/wp-json\/wp\/v2\/comments?post=174"}],"version-history":[{"count":3,"href":"https:\/\/www.ferngal-schweisstechnik.de\/index.php\/wp-json\/wp\/v2\/pages\/174\/revisions"}],"predecessor-version":[{"id":391,"href":"https:\/\/www.ferngal-schweisstechnik.de\/index.php\/wp-json\/wp\/v2\/pages\/174\/revisions\/391"}],"wp:attachment":[{"href":"https:\/\/www.ferngal-schweisstechnik.de\/index.php\/wp-json\/wp\/v2\/media?parent=174"}],"curies":[{"name":"wp","href":"https:\/\/api.w.org\/{rel}","templated":true}]}}