{"id":123,"date":"2025-05-13T17:50:25","date_gmt":"2025-05-13T17:50:25","guid":{"rendered":"https:\/\/programmieren.nick-gatzke.de\/?page_id=123"},"modified":"2025-05-17T13:44:00","modified_gmt":"2025-05-17T13:44:00","slug":"impressum","status":"publish","type":"page","link":"https:\/\/www.ferngal-schweisstechnik.de\/index.php\/de\/impressum\/","title":{"rendered":"Impressum"},"content":{"rendered":"\n<figure class=\"wp-block-table\"><table class=\"has-fixed-layout\"><tbody><tr><td><strong>FERNGAL Schweisstechnik GmbH<\/strong><br>ChemiePark Bitterfeld-Wolfen<br>Liebigstra\u00dfe 2<br>06766 Bitterfeld-Wolfen<br><br>Telefon:&nbsp;<a href=\"tel:+49(0)3494 72008-0\">+49(0)3494 72008-0<\/a><br>Fax:&nbsp;&nbsp; &nbsp;&nbsp;<a href=\"tel:+49(0)3494 72008-29\">+49(0)3494 72008-29<\/a><br><br><a href=\"mailto:info@ferngal-schweisstechnik.de\">info@ferngal-schweisstechnik.de<\/a><br>www.ferngal-schweisstechnik.de<\/td><td><strong>Gesch\u00e4ftsf\u00fchrer:<br><\/strong>Jos\u00e9 Guilherme Ramalho Fernandes<br><br><strong>Amtsgericht Stendal:\u00a0<\/strong>HRB 16887<br><br><strong>USt.-Ident.-Nummer:\u00a0<\/strong>DE260955816<\/td><\/tr><\/tbody><\/table><\/figure>\n","protected":false},"excerpt":{"rendered":"<p>FERNGAL Schweisstechnik GmbHChemiePark Bitterfeld-WolfenLiebigstra\u00dfe 206766 Bitterfeld-Wolfen Telefon:&nbsp;+49(0)3494 72008-0Fax:&nbsp;&nbsp; &nbsp;&nbsp;+49(0)3494 72008-29 info@ferngal-schweisstechnik.dewww.ferngal-schweisstechnik.de Gesch\u00e4ftsf\u00fchrer:Jos\u00e9 Guilherme Ramalho Fernandes Amtsgericht Stendal:\u00a0HRB 16887 USt.-Ident.-Nummer:\u00a0DE260955816<\/p>\n","protected":false},"author":1,"featured_media":0,"parent":0,"menu_order":0,"comment_status":"closed","ping_status":"closed","template":"","meta":{"footnotes":""},"class_list":["post-123","page","type-page","status-publish","hentry"],"_links":{"self":[{"href":"https:\/\/www.ferngal-schweisstechnik.de\/index.php\/wp-json\/wp\/v2\/pages\/123","targetHints":{"allow":["GET"]}}],"collection":[{"href":"https:\/\/www.ferngal-schweisstechnik.de\/index.php\/wp-json\/wp\/v2\/pages"}],"about":[{"href":"https:\/\/www.ferngal-schweisstechnik.de\/index.php\/wp-json\/wp\/v2\/types\/page"}],"author":[{"embeddable":true,"href":"https:\/\/www.ferngal-schweisstechnik.de\/index.php\/wp-json\/wp\/v2\/users\/1"}],"replies":[{"embeddable":true,"href":"https:\/\/www.ferngal-schweisstechnik.de\/index.php\/wp-json\/wp\/v2\/comments?post=123"}],"version-history":[{"count":2,"href":"https:\/\/www.ferngal-schweisstechnik.de\/index.php\/wp-json\/wp\/v2\/pages\/123\/revisions"}],"predecessor-version":[{"id":404,"href":"https:\/\/www.ferngal-schweisstechnik.de\/index.php\/wp-json\/wp\/v2\/pages\/123\/revisions\/404"}],"wp:attachment":[{"href":"https:\/\/www.ferngal-schweisstechnik.de\/index.php\/wp-json\/wp\/v2\/media?parent=123"}],"curies":[{"name":"wp","href":"https:\/\/api.w.org\/{rel}","templated":true}]}}