{"id":112,"date":"2025-05-13T17:47:02","date_gmt":"2025-05-13T17:47:02","guid":{"rendered":"https:\/\/programmieren.nick-gatzke.de\/?page_id=112"},"modified":"2025-05-15T13:56:40","modified_gmt":"2025-05-15T13:56:40","slug":"stahlbau","status":"publish","type":"page","link":"https:\/\/www.ferngal-schweisstechnik.de\/index.php\/de\/stahlbau\/","title":{"rendered":"Stahlbau"},"content":{"rendered":"\n<h2 class=\"wp-block-heading\">Stahlbau<\/h2>\n\n\n\n<figure class=\"wp-block-table\"><table class=\"has-fixed-layout\"><tbody><tr><td><a href=\"https:\/\/ferngal-schweisstechnik.de\/index.php\/de\/autobahnbruecke-sundsvall\/\" data-type=\"page\" data-id=\"276\"><\/a><a href=\"https:\/\/ferngal-schweisstechnik.de\/index.php\/de\/autobahnbruecke-sundsvall\/\">Autobahnbr\u00fccke Sundsvall<\/a><\/td><td><a href=\"https:\/\/ferngal-schweisstechnik.de\/index.php\/en\/power-plant-niederaussem\/\"><\/a><a href=\"https:\/\/ferngal-schweisstechnik.de\/index.php\/de\/kraftwerk-neurath\/\"><\/a><a href=\"https:\/\/ferngal-schweisstechnik.de\/index.php\/de\/kraftwerk-neurath\/\">Kraftwerk Neurath<\/a><\/td><\/tr><tr><td><a href=\"https:\/\/ferngal-schweisstechnik.de\/index.php\/en\/power-plant-neurath\" data-type=\"link\" data-id=\"https:\/\/ferngal-schweisstechnik.de\/index.php\/en\/power-plant-walsum-block-10\/\"><\/a><a href=\"https:\/\/ferngal-schweisstechnik.de\/index.php\/de\/leuchtturm-plaue-am-see\/\"><\/a><a href=\"https:\/\/ferngal-schweisstechnik.de\/index.php\/de\/leuchtturm-plaue-am-see\/\">Leuchtturm Plaue am See<\/a><\/td><td><a href=\"https:\/\/ferngal-schweisstechnik.de\/index.php\/en\/power-plan-wilhelmshaven-boiler-wall-renovation\/\" data-type=\"link\" data-id=\"https:\/\/ferngal-schweisstechnik.de\/index.php\/en\/power-plan-wilhelmshaven-boiler-wall-renovation\/\"><\/a><a href=\"https:\/\/ferngal-schweisstechnik.de\/index.php\/de\/stahlbruecke-blankenheim\/\"><\/a><a href=\"https:\/\/ferngal-schweisstechnik.de\/index.php\/de\/stahlbruecke-blankenheim\/\">Stahlbr\u00fccke Blankenheim<\/a><\/td><\/tr><tr><td><a href=\"https:\/\/ferngal-schweisstechnik.de\/index.php\/de\/stahlbruecke-jagsttalbruecke\/\"><\/a><a href=\"https:\/\/ferngal-schweisstechnik.de\/index.php\/de\/stahlbruecke-jagsttalbruecke\/\">Stahlbr\u00fccke Jagsttalbr\u00fccke<\/a><\/td><td><a href=\"https:\/\/ferngal-schweisstechnik.de\/index.php\/de\/stahlbruecke-kehl-rheinbruecke\/\"><\/a><a href=\"https:\/\/ferngal-schweisstechnik.de\/index.php\/de\/stahlbruecke-kehl-rheinbruecke\/\">Stahlbr\u00fccke Kehl (Rheinbr\u00fccke)<\/a><\/td><\/tr><tr><td><a href=\"https:\/\/ferngal-schweisstechnik.de\/index.php\/de\/stahlbruecke-nijmegen\/\"><\/a><a href=\"https:\/\/ferngal-schweisstechnik.de\/index.php\/de\/stahlbruecke-nijmegen\/\">Stahlbr\u00fccke Nijmegen<\/a><\/td><td><\/td><\/tr><\/tbody><\/table><\/figure>\n\n\n\n<p><\/p>\n","protected":false},"excerpt":{"rendered":"<p>Stahlbau Autobahnbr\u00fccke Sundsvall Kraftwerk Neurath Leuchtturm Plaue am See Stahlbr\u00fccke Blankenheim Stahlbr\u00fccke Jagsttalbr\u00fccke Stahlbr\u00fccke Kehl (Rheinbr\u00fccke) Stahlbr\u00fccke Nijmegen<\/p>\n","protected":false},"author":1,"featured_media":0,"parent":0,"menu_order":0,"comment_status":"closed","ping_status":"closed","template":"","meta":{"footnotes":""},"class_list":["post-112","page","type-page","status-publish","hentry"],"_links":{"self":[{"href":"https:\/\/www.ferngal-schweisstechnik.de\/index.php\/wp-json\/wp\/v2\/pages\/112","targetHints":{"allow":["GET"]}}],"collection":[{"href":"https:\/\/www.ferngal-schweisstechnik.de\/index.php\/wp-json\/wp\/v2\/pages"}],"about":[{"href":"https:\/\/www.ferngal-schweisstechnik.de\/index.php\/wp-json\/wp\/v2\/types\/page"}],"author":[{"embeddable":true,"href":"https:\/\/www.ferngal-schweisstechnik.de\/index.php\/wp-json\/wp\/v2\/users\/1"}],"replies":[{"embeddable":true,"href":"https:\/\/www.ferngal-schweisstechnik.de\/index.php\/wp-json\/wp\/v2\/comments?post=112"}],"version-history":[{"count":5,"href":"https:\/\/www.ferngal-schweisstechnik.de\/index.php\/wp-json\/wp\/v2\/pages\/112\/revisions"}],"predecessor-version":[{"id":390,"href":"https:\/\/www.ferngal-schweisstechnik.de\/index.php\/wp-json\/wp\/v2\/pages\/112\/revisions\/390"}],"wp:attachment":[{"href":"https:\/\/www.ferngal-schweisstechnik.de\/index.php\/wp-json\/wp\/v2\/media?parent=112"}],"curies":[{"name":"wp","href":"https:\/\/api.w.org\/{rel}","templated":true}]}}