{"id":104,"date":"2025-05-13T17:45:18","date_gmt":"2025-05-13T17:45:18","guid":{"rendered":"https:\/\/programmieren.nick-gatzke.de\/?page_id=104"},"modified":"2025-05-14T11:35:23","modified_gmt":"2025-05-14T11:35:23","slug":"unternehmen","status":"publish","type":"page","link":"https:\/\/www.ferngal-schweisstechnik.de\/index.php\/de\/unternehmen\/","title":{"rendered":"Unternehmen"},"content":{"rendered":"\n<h2 class=\"wp-block-heading\">Unternehmen<\/h2>\n\n\n\n<p>Die Firma <strong>FERNGAL Schweisstechnik GmbH<\/strong> wurde 2008 in Wolfen gegr\u00fcndet. Erkl\u00e4rtes Ziel war die schnelle und kompetente Umsetzung von Stahl- und Rohrleitungsbauprojekten. Dieses Ziel wurde in rasantem Tempo (wie in den Referenzlisten ersichtlich) in die Tat umgesetzt. Durch die Werkstatt in Wolfen haben wir den gro\u00dfen Vorteil, dass von der Vorfertigung bis zur Montage auf der Baustelle alles aus einer Hand angeboten werden kann.<br><br><strong>Ein hoher Qualit\u00e4tsstandard hat oberste Priorit\u00e4t bei uns.<br><br><\/strong>Dieses Konzept l\u00e4sst sich nur mit fachlich sehr gut ausgebildeten Mitarbeitern verwirklichen. Hier besitzen wir den gro\u00dfen Vorteil einer Schwei\u00dferschule, in der unsere Mitarbeiter st\u00e4ndig weitergebildet werden. Durch die kontinuierliche Weiterbildung sowie zahlreicher Zulieferfirmen (Stahlhandel, Korrosionsschutz, ZfP) vor Ort sind wir in der Lage, Ihnen auf kurzfristige Anfragen eine positive Antwort zu geben.<\/p>\n\n\n\n<p><\/p>\n","protected":false},"excerpt":{"rendered":"<p>Unternehmen Die Firma FERNGAL Schweisstechnik GmbH wurde 2008 in Wolfen gegr\u00fcndet. Erkl\u00e4rtes Ziel war die schnelle und kompetente Umsetzung von Stahl- und Rohrleitungsbauprojekten. Dieses Ziel wurde in rasantem Tempo (wie in den Referenzlisten ersichtlich) in die Tat umgesetzt. Durch die Werkstatt in Wolfen haben wir den gro\u00dfen Vorteil, dass von der Vorfertigung bis zur Montage [&hellip;]<\/p>\n","protected":false},"author":1,"featured_media":0,"parent":0,"menu_order":0,"comment_status":"closed","ping_status":"closed","template":"","meta":{"footnotes":""},"class_list":["post-104","page","type-page","status-publish","hentry"],"_links":{"self":[{"href":"https:\/\/www.ferngal-schweisstechnik.de\/index.php\/wp-json\/wp\/v2\/pages\/104","targetHints":{"allow":["GET"]}}],"collection":[{"href":"https:\/\/www.ferngal-schweisstechnik.de\/index.php\/wp-json\/wp\/v2\/pages"}],"about":[{"href":"https:\/\/www.ferngal-schweisstechnik.de\/index.php\/wp-json\/wp\/v2\/types\/page"}],"author":[{"embeddable":true,"href":"https:\/\/www.ferngal-schweisstechnik.de\/index.php\/wp-json\/wp\/v2\/users\/1"}],"replies":[{"embeddable":true,"href":"https:\/\/www.ferngal-schweisstechnik.de\/index.php\/wp-json\/wp\/v2\/comments?post=104"}],"version-history":[{"count":2,"href":"https:\/\/www.ferngal-schweisstechnik.de\/index.php\/wp-json\/wp\/v2\/pages\/104\/revisions"}],"predecessor-version":[{"id":201,"href":"https:\/\/www.ferngal-schweisstechnik.de\/index.php\/wp-json\/wp\/v2\/pages\/104\/revisions\/201"}],"wp:attachment":[{"href":"https:\/\/www.ferngal-schweisstechnik.de\/index.php\/wp-json\/wp\/v2\/media?parent=104"}],"curies":[{"name":"wp","href":"https:\/\/api.w.org\/{rel}","templated":true}]}}